{"id":263,"date":"2023-03-21T08:12:32","date_gmt":"2023-03-21T08:12:32","guid":{"rendered":"https:\/\/dr-baykal-oymak.com\/?page_id=263"},"modified":"2023-03-21T08:31:46","modified_gmt":"2023-03-21T08:31:46","slug":"a-propos","status":"publish","type":"page","link":"https:\/\/dr-baykal-oymak.com\/es\/a-propos\/","title":{"rendered":"Sobre el Dr"},"content":{"rendered":"<div data-elementor-type=\"wp-page\" data-elementor-id=\"263\" class=\"elementor elementor-263\">\n\t\t\t\t\t\t<section class=\"elementor-section elementor-top-section elementor-element elementor-element-0f30464 elementor-section-boxed elementor-section-height-default elementor-section-height-default\" data-id=\"0f30464\" data-element_type=\"section\" data-e-type=\"section\" data-settings=\"{&quot;background_background&quot;:&quot;classic&quot;}\">\n\t\t\t\t\t\t\t<div class=\"elementor-background-overlay\"><\/div>\n\t\t\t\t\t\t\t<div class=\"elementor-container elementor-column-gap-default\">\n\t\t\t\t\t<div class=\"elementor-column elementor-col-50 elementor-top-column elementor-element elementor-element-0a8ec73\" data-id=\"0a8ec73\" data-element_type=\"column\" data-e-type=\"column\">\n\t\t\t<div class=\"elementor-widget-wrap elementor-element-populated\">\n\t\t\t\t\t\t<div class=\"elementor-element elementor-element-6e4fa4d elementor-widget elementor-widget-heading\" data-id=\"6e4fa4d\" data-element_type=\"widget\" data-e-type=\"widget\" data-widget_type=\"heading.default\">\n\t\t\t\t<div class=\"elementor-widget-container\">\n\t\t\t\t\t<h1 class=\"elementor-heading-title elementor-size-default\">Biograf\u00eda del Dr. Baykal Oymak<\/h1>\t\t\t\t<\/div>\n\t\t\t\t<\/div>\n\t\t\t\t<div class=\"elementor-element elementor-element-e1e0990 elementor-widget elementor-widget-heading\" data-id=\"e1e0990\" data-element_type=\"widget\" data-e-type=\"widget\" data-widget_type=\"heading.default\">\n\t\t\t\t<div class=\"elementor-widget-container\">\n\t\t\t\t\t<h2 class=\"elementor-heading-title elementor-size-default\">Cirujano de trasplante capilar en Turqu\u00eda<\/h2>\t\t\t\t<\/div>\n\t\t\t\t<\/div>\n\t\t\t\t\t<\/div>\n\t\t<\/div>\n\t\t\t\t<div class=\"elementor-column elementor-col-50 elementor-top-column elementor-element elementor-element-b9278a6\" data-id=\"b9278a6\" data-element_type=\"column\" data-e-type=\"column\">\n\t\t\t<div class=\"elementor-widget-wrap\">\n\t\t\t\t\t\t\t<\/div>\n\t\t<\/div>\n\t\t\t\t\t<\/div>\n\t\t<\/section>\n\t\t\t\t<section class=\"elementor-section elementor-top-section elementor-element elementor-element-0b3a5bd elementor-section-boxed elementor-section-height-default elementor-section-height-default\" data-id=\"0b3a5bd\" data-element_type=\"section\" data-e-type=\"section\" data-settings=\"{&quot;background_background&quot;:&quot;classic&quot;}\">\n\t\t\t\t\t\t<div class=\"elementor-container elementor-column-gap-default\">\n\t\t\t\t\t<div class=\"elementor-column elementor-col-50 elementor-top-column elementor-element elementor-element-998fe73\" data-id=\"998fe73\" data-element_type=\"column\" data-e-type=\"column\">\n\t\t\t<div class=\"elementor-widget-wrap elementor-element-populated\">\n\t\t\t\t\t\t<div class=\"elementor-element elementor-element-499159b elementor-widget elementor-widget-image\" data-id=\"499159b\" data-element_type=\"widget\" data-e-type=\"widget\" data-widget_type=\"image.default\">\n\t\t\t\t<div class=\"elementor-widget-container\">\n\t\t\t\t\t\t\t\t\t\t\t\t\t\t\t<img fetchpriority=\"high\" decoding=\"async\" width=\"578\" height=\"762\" src=\"https:\/\/dr-baykal-oymak.com\/wp-content\/uploads\/2023\/03\/Captura-de-pantalla-2023-03-20-a-las-17.45.40.png\" class=\"attachment-medium_large size-medium_large wp-image-259 img-fluid\" alt=\"greffe de cheveux DHI Baykal Oymak Turquie\" srcset=\"https:\/\/dr-baykal-oymak.com\/wp-content\/uploads\/2023\/03\/Captura-de-pantalla-2023-03-20-a-las-17.45.40.png 578w, https:\/\/dr-baykal-oymak.com\/wp-content\/uploads\/2023\/03\/Captura-de-pantalla-2023-03-20-a-las-17.45.40-228x300.png 228w, https:\/\/dr-baykal-oymak.com\/wp-content\/uploads\/2023\/03\/Captura-de-pantalla-2023-03-20-a-las-17.45.40-9x12.png 9w\" sizes=\"(max-width: 578px) 100vw, 578px\" \/>\t\t\t\t\t\t\t\t\t\t\t\t\t\t\t<\/div>\n\t\t\t\t<\/div>\n\t\t\t\t\t<\/div>\n\t\t<\/div>\n\t\t\t\t<div class=\"elementor-column elementor-col-50 elementor-top-column elementor-element elementor-element-8d0ec2b\" data-id=\"8d0ec2b\" data-element_type=\"column\" data-e-type=\"column\">\n\t\t\t<div class=\"elementor-widget-wrap elementor-element-populated\">\n\t\t\t\t\t\t<div class=\"elementor-element elementor-element-bc2b4d2 elementor-widget elementor-widget-heading\" data-id=\"bc2b4d2\" data-element_type=\"widget\" data-e-type=\"widget\" data-widget_type=\"heading.default\">\n\t\t\t\t<div class=\"elementor-widget-container\">\n\t\t\t\t\t<h2 class=\"elementor-heading-title elementor-size-default\"> Dr Baykal Oymak<\/h2>\t\t\t\t<\/div>\n\t\t\t\t<\/div>\n\t\t\t\t<div class=\"elementor-element elementor-element-414bc10 elementor-widget elementor-widget-heading\" data-id=\"414bc10\" data-element_type=\"widget\" data-e-type=\"widget\" data-widget_type=\"heading.default\">\n\t\t\t\t<div class=\"elementor-widget-container\">\n\t\t\t\t\t<p class=\"elementor-heading-title elementor-size-default\">A PROPOSITO<\/p>\t\t\t\t<\/div>\n\t\t\t\t<\/div>\n\t\t\t\t<div class=\"elementor-element elementor-element-3f0ec68 elementor-widget-divider--view-line elementor-widget elementor-widget-divider\" data-id=\"3f0ec68\" data-element_type=\"widget\" data-e-type=\"widget\" data-widget_type=\"divider.default\">\n\t\t\t\t<div class=\"elementor-widget-container\">\n\t\t\t\t\t\t\t<div class=\"elementor-divider\">\n\t\t\t<span class=\"elementor-divider-separator\">\n\t\t\t\t\t\t<\/span>\n\t\t<\/div>\n\t\t\t\t\t\t<\/div>\n\t\t\t\t<\/div>\n\t\t\t\t<div class=\"elementor-element elementor-element-431d51f elementor-widget elementor-widget-text-editor\" data-id=\"431d51f\" data-element_type=\"widget\" data-e-type=\"widget\" data-widget_type=\"text-editor.default\">\n\t\t\t\t<div class=\"elementor-widget-container\">\n\t\t\t\t\t\t\t\t\t<p><a href=\"https:\/\/dr-baykal-oymak.com\/es\/greffe-de-cheveux-dr-baykal\/\"><strong>Dr Baykal Oymak<\/strong><\/a> est un m\u00e9decin sp\u00e9cialis\u00e9 dans la chirurgie esth\u00e9tique et reconstructive, avec une expertise particuli\u00e8re dans les domaines de la greffe de cheveux et de la rhinoplastie. Il a obtenu son dipl\u00f4me de m\u00e9decine \u00e0 l&rsquo;Universit\u00e9 d&rsquo;Istanbul en 2006, avant de poursuivre une formation en chirurgie plastique et reconstructive \u00e0 <a href=\"https:\/\/www.istanbul.edu.tr\/tr\" target=\"_blank\" rel=\"noopener\"><strong>l&rsquo;Universit\u00e9 d&rsquo;Istanbul.<\/strong><\/a><\/p><p>Desde entonces, el Dr. Oymak ha trabajado con algunos de los mejores m\u00e9dicos y cirujanos pl\u00e1sticos del mundo, adquiriendo experiencia y conocimientos considerables en las t\u00e9cnicas m\u00e1s avanzadas de trasplante de cabello y rinoplastia.<\/p><p>Le Dr Oymak est \u00e9galement passionn\u00e9 par la recherche et l&rsquo;innovation dans son domaine, et a publi\u00e9 de nombreux articles scientifiques sur des sujets tels que les techniques de greffe de cheveux, la rhinoplastie et la r\u00e9paration des cicatrices. Il est membre de plusieurs organisations professionnelles de renom, notamment l&rsquo;Association turque de chirurgie plastique, reconstructive et esth\u00e9tique (TPRCD) et l&rsquo;Association internationale des chirurgiens de transplantation de cheveux (ISHRS).<\/p><p>Como destacado cirujano est\u00e9tico, el Dr. Oymak es reconocido por su enfoque individualizado y sus resultados excepcionales en el trasplante de cabello y la rinoplastia. Tambi\u00e9n es reconocido por su capacidad para construir relaciones de confianza con sus pacientes, escuchando sus inquietudes y trabajando con ellos para lograr sus objetivos est\u00e9ticos.<\/p><p>Con m\u00e1s de 10 a\u00f1os de experiencia en su campo, el Dr. Oymak ha ayudado a muchos pacientes a recuperar la confianza en s\u00ed mismos y mejorar su apariencia. Si est\u00e1 buscando un cirujano pl\u00e1stico superior para un <a href=\"http:\/\/www.hairbackclinic.es\" target=\"_blank\" rel=\"noopener\"><strong>injerto de pelo<\/strong><\/a> o rinoplastia, el Dr. Baykal Oymak es una sabia elecci\u00f3n para lograr resultados de m\u00e1xima calidad.<\/p>\t\t\t\t\t\t\t\t<\/div>\n\t\t\t\t<\/div>\n\t\t\t\t<div class=\"elementor-element elementor-element-bb93c3b elementor-widget elementor-widget-button\" data-id=\"bb93c3b\" data-element_type=\"widget\" data-e-type=\"widget\" data-widget_type=\"button.default\">\n\t\t\t\t<div class=\"elementor-widget-container\">\n\t\t\t\t\t\t\t\t\t<div class=\"elementor-button-wrapper\">\n\t\t\t\t\t<a class=\"elementor-button elementor-button-link elementor-size-sm\" href=\"mailto:info@hairbackclinic.es\">\n\t\t\t\t\t\t<span class=\"elementor-button-content-wrapper\">\n\t\t\t\t\t\t\t\t\t<span class=\"elementor-button-text\">Contacta al m\u00e9dico<\/span>\n\t\t\t\t\t<\/span>\n\t\t\t\t\t<\/a>\n\t\t\t\t<\/div>\n\t\t\t\t\t\t\t\t<\/div>\n\t\t\t\t<\/div>\n\t\t\t\t\t<\/div>\n\t\t<\/div>\n\t\t\t\t\t<\/div>\n\t\t<\/section>\n\t\t\t\t<\/div>","protected":false},"excerpt":{"rendered":"<p>Biographie du Dr Baykal Oymak Chirurgien sp\u00e9cialis\u00e9 en greffe de cheveux en Turquie Dr Baykal Oymak \u00c0 PROPOS Dr Baykal Oymak est un m\u00e9decin sp\u00e9cialis\u00e9 dans la chirurgie esth\u00e9tique et reconstructive, avec une expertise particuli\u00e8re dans les domaines de la greffe de cheveux et de la rhinoplastie. Il a obtenu son dipl\u00f4me de m\u00e9decine \u00e0 &#8230; <a href=\"https:\/\/dr-baykal-oymak.com\/es\/a-propos\/\" class=\"more-link text-uppercase small\"><strong>Read More<\/strong> <i class=\"fa fa-angle-double-right\" aria-hidden=\"true\"><\/i><\/a><\/p>","protected":false},"author":1,"featured_media":0,"parent":0,"menu_order":0,"comment_status":"closed","ping_status":"closed","template":"elementor_header_footer","meta":{"footnotes":""},"class_list":["post-263","page","type-page","status-publish","hentry"],"_links":{"self":[{"href":"https:\/\/dr-baykal-oymak.com\/es\/wp-json\/wp\/v2\/pages\/263","targetHints":{"allow":["GET"]}}],"collection":[{"href":"https:\/\/dr-baykal-oymak.com\/es\/wp-json\/wp\/v2\/pages"}],"about":[{"href":"https:\/\/dr-baykal-oymak.com\/es\/wp-json\/wp\/v2\/types\/page"}],"author":[{"embeddable":true,"href":"https:\/\/dr-baykal-oymak.com\/es\/wp-json\/wp\/v2\/users\/1"}],"replies":[{"embeddable":true,"href":"https:\/\/dr-baykal-oymak.com\/es\/wp-json\/wp\/v2\/comments?post=263"}],"version-history":[{"count":11,"href":"https:\/\/dr-baykal-oymak.com\/es\/wp-json\/wp\/v2\/pages\/263\/revisions"}],"predecessor-version":[{"id":277,"href":"https:\/\/dr-baykal-oymak.com\/es\/wp-json\/wp\/v2\/pages\/263\/revisions\/277"}],"wp:attachment":[{"href":"https:\/\/dr-baykal-oymak.com\/es\/wp-json\/wp\/v2\/media?parent=263"}],"curies":[{"name":"wp","href":"https:\/\/api.w.org\/{rel}","templated":true}]}}