{"id":273,"date":"2023-03-21T09:15:44","date_gmt":"2023-03-21T09:15:44","guid":{"rendered":"https:\/\/dr-baykal-oymak.com\/?page_id=273"},"modified":"2023-03-21T09:55:10","modified_gmt":"2023-03-21T09:55:10","slug":"sa-vision-de-la-medecine","status":"publish","type":"page","link":"https:\/\/dr-baykal-oymak.com\/es\/sa-vision-de-la-medecine\/","title":{"rendered":"Su visi\u00f3n de la medicina"},"content":{"rendered":"<div data-elementor-type=\"wp-page\" data-elementor-id=\"273\" class=\"elementor elementor-273\">\n\t\t\t\t\t\t<section class=\"elementor-section elementor-top-section elementor-element elementor-element-ba8ded7 elementor-section-boxed elementor-section-height-default elementor-section-height-default\" data-id=\"ba8ded7\" data-element_type=\"section\" data-e-type=\"section\" data-settings=\"{&quot;background_background&quot;:&quot;classic&quot;}\">\n\t\t\t\t\t\t\t<div class=\"elementor-background-overlay\"><\/div>\n\t\t\t\t\t\t\t<div class=\"elementor-container elementor-column-gap-default\">\n\t\t\t\t\t<div class=\"elementor-column elementor-col-50 elementor-top-column elementor-element elementor-element-08fc7fd\" data-id=\"08fc7fd\" data-element_type=\"column\" data-e-type=\"column\">\n\t\t\t<div class=\"elementor-widget-wrap elementor-element-populated\">\n\t\t\t\t\t\t<div class=\"elementor-element elementor-element-76a1958 elementor-widget elementor-widget-heading\" data-id=\"76a1958\" data-element_type=\"widget\" data-e-type=\"widget\" data-widget_type=\"heading.default\">\n\t\t\t\t<div class=\"elementor-widget-container\">\n\t\t\t\t\t<h1 class=\"elementor-heading-title elementor-size-default\">Dr Baykal Oymak<\/h1>\t\t\t\t<\/div>\n\t\t\t\t<\/div>\n\t\t\t\t<div class=\"elementor-element elementor-element-1c02fec elementor-widget elementor-widget-heading\" data-id=\"1c02fec\" data-element_type=\"widget\" data-e-type=\"widget\" data-widget_type=\"heading.default\">\n\t\t\t\t<div class=\"elementor-widget-container\">\n\t\t\t\t\t<h2 class=\"elementor-heading-title elementor-size-default\">Una nueva visi\u00f3n de la medicina<\/h2>\t\t\t\t<\/div>\n\t\t\t\t<\/div>\n\t\t\t\t\t<\/div>\n\t\t<\/div>\n\t\t\t\t<div class=\"elementor-column elementor-col-50 elementor-top-column elementor-element elementor-element-251ab29\" data-id=\"251ab29\" data-element_type=\"column\" data-e-type=\"column\">\n\t\t\t<div class=\"elementor-widget-wrap\">\n\t\t\t\t\t\t\t<\/div>\n\t\t<\/div>\n\t\t\t\t\t<\/div>\n\t\t<\/section>\n\t\t\t\t<section class=\"elementor-section elementor-top-section elementor-element elementor-element-64f6403 elementor-section-boxed elementor-section-height-default elementor-section-height-default\" data-id=\"64f6403\" data-element_type=\"section\" data-e-type=\"section\" data-settings=\"{&quot;background_background&quot;:&quot;classic&quot;}\">\n\t\t\t\t\t\t<div class=\"elementor-container elementor-column-gap-default\">\n\t\t\t\t\t<div class=\"elementor-column elementor-col-50 elementor-top-column elementor-element elementor-element-000dd1c\" data-id=\"000dd1c\" data-element_type=\"column\" data-e-type=\"column\">\n\t\t\t<div class=\"elementor-widget-wrap elementor-element-populated\">\n\t\t\t\t\t\t<div class=\"elementor-element elementor-element-08a9136 elementor-widget elementor-widget-image\" data-id=\"08a9136\" data-element_type=\"widget\" data-e-type=\"widget\" data-widget_type=\"image.default\">\n\t\t\t\t<div class=\"elementor-widget-container\">\n\t\t\t\t\t\t\t\t\t\t\t\t\t\t\t<img fetchpriority=\"high\" decoding=\"async\" width=\"768\" height=\"1024\" src=\"https:\/\/dr-baykal-oymak.com\/wp-content\/uploads\/2023\/03\/56954e56-6c83-4376-9453-96d98b5f4bfe-768x1024.jpg\" class=\"attachment-medium_large size-medium_large wp-image-278 img-fluid\" alt=\"Dr Baykal Oymak greffe de cheveux en Turquie\" srcset=\"https:\/\/dr-baykal-oymak.com\/wp-content\/uploads\/2023\/03\/56954e56-6c83-4376-9453-96d98b5f4bfe-768x1024.jpg 768w, https:\/\/dr-baykal-oymak.com\/wp-content\/uploads\/2023\/03\/56954e56-6c83-4376-9453-96d98b5f4bfe-225x300.jpg 225w, https:\/\/dr-baykal-oymak.com\/wp-content\/uploads\/2023\/03\/56954e56-6c83-4376-9453-96d98b5f4bfe-1152x1536.jpg 1152w, https:\/\/dr-baykal-oymak.com\/wp-content\/uploads\/2023\/03\/56954e56-6c83-4376-9453-96d98b5f4bfe-9x12.jpg 9w, https:\/\/dr-baykal-oymak.com\/wp-content\/uploads\/2023\/03\/56954e56-6c83-4376-9453-96d98b5f4bfe.jpg 1200w\" sizes=\"(max-width: 768px) 100vw, 768px\" \/>\t\t\t\t\t\t\t\t\t\t\t\t\t\t\t<\/div>\n\t\t\t\t<\/div>\n\t\t\t\t\t<\/div>\n\t\t<\/div>\n\t\t\t\t<div class=\"elementor-column elementor-col-50 elementor-top-column elementor-element elementor-element-eef778a\" data-id=\"eef778a\" data-element_type=\"column\" data-e-type=\"column\">\n\t\t\t<div class=\"elementor-widget-wrap elementor-element-populated\">\n\t\t\t\t\t\t<div class=\"elementor-element elementor-element-1435863 elementor-widget elementor-widget-heading\" data-id=\"1435863\" data-element_type=\"widget\" data-e-type=\"widget\" data-widget_type=\"heading.default\">\n\t\t\t\t<div class=\"elementor-widget-container\">\n\t\t\t\t\t<p class=\"elementor-heading-title elementor-size-default\">el paciente en el centro de todas las preocupaciones.<\/p>\t\t\t\t<\/div>\n\t\t\t\t<\/div>\n\t\t\t\t<div class=\"elementor-element elementor-element-9c1690e elementor-widget elementor-widget-heading\" data-id=\"9c1690e\" data-element_type=\"widget\" data-e-type=\"widget\" data-widget_type=\"heading.default\">\n\t\t\t\t<div class=\"elementor-widget-container\">\n\t\t\t\t\t<h2 class=\"elementor-heading-title elementor-size-default\">Su visi\u00f3n de la medicina<\/h2>\t\t\t\t<\/div>\n\t\t\t\t<\/div>\n\t\t\t\t<div class=\"elementor-element elementor-element-65b464e elementor-widget-divider--view-line elementor-widget elementor-widget-divider\" data-id=\"65b464e\" data-element_type=\"widget\" data-e-type=\"widget\" data-widget_type=\"divider.default\">\n\t\t\t\t<div class=\"elementor-widget-container\">\n\t\t\t\t\t\t\t<div class=\"elementor-divider\">\n\t\t\t<span class=\"elementor-divider-separator\">\n\t\t\t\t\t\t<\/span>\n\t\t<\/div>\n\t\t\t\t\t\t<\/div>\n\t\t\t\t<\/div>\n\t\t\t\t<div class=\"elementor-element elementor-element-4243d07 elementor-widget elementor-widget-text-editor\" data-id=\"4243d07\" data-element_type=\"widget\" data-e-type=\"widget\" data-widget_type=\"text-editor.default\">\n\t\t\t\t<div class=\"elementor-widget-container\">\n\t\t\t\t\t\t\t\t\t<p>El <a href=\"https:\/\/dr-baykal-oymak.com\/es\/\"><strong>Dr Baykal Oymak<\/strong> <\/a>tiene una visi\u00f3n de la medicina que sit\u00faa al paciente en el centro de todas las preocupaciones. Para \u00e9l, la medicina es un campo en el que la compasi\u00f3n, la empat\u00eda y la comprensi\u00f3n son tan importantes como el conocimiento t\u00e9cnico y las habilidades m\u00e9dicas. \u00c9l cree que cada paciente es \u00fanico y merece un enfoque personalizado para lograr los mejores resultados.<\/p><p>En tant que chirurgien esth\u00e9tique, le Dr Oymak comprend l&rsquo;importance de la confiance et du respect mutuel entre lui et ses patients. Il consid\u00e8re que chaque consultation est une opportunit\u00e9 pour \u00e9couter attentivement les pr\u00e9occupations de ses patients, pour les informer des diff\u00e9rentes options disponibles et pour travailler avec eux pour cr\u00e9er un plan de traitement sur mesure qui r\u00e9pond \u00e0 leurs besoins et objectifs uniques.<\/p><p>Le Dr Oymak croit \u00e9galement que l&rsquo;innovation est essentielle dans la m\u00e9decine. Il s&rsquo;engage \u00e0 rester au courant des derni\u00e8res avanc\u00e9es et des techniques les plus avanc\u00e9es de greffe de cheveux et de rhinoplastie. Cette connaissance lui permet de proposer des solutions de pointe \u00e0 ses patients pour les aider \u00e0 atteindre les r\u00e9sultats les plus satisfaisants et durables possibles.<\/p><p>Finalmente, <a href=\"http:\/\/www.hairbackclinic.es\" target=\"_blank\" rel=\"noopener\"><strong>el Dr Oymak<\/strong><\/a> est convaincu que la communication transparente et honn\u00eate est la cl\u00e9 pour \u00e9tablir une relation de confiance avec ses patients. Il est disponible pour r\u00e9pondre \u00e0 toutes les questions et pr\u00e9occupations de ses patients, tout en s&rsquo;engageant \u00e0 leur fournir des informations pr\u00e9cises et fiables sur leur traitement.<\/p>\t\t\t\t\t\t\t\t<\/div>\n\t\t\t\t<\/div>\n\t\t\t\t<div class=\"elementor-element elementor-element-4e60915 elementor-widget elementor-widget-button\" data-id=\"4e60915\" data-element_type=\"widget\" data-e-type=\"widget\" data-widget_type=\"button.default\">\n\t\t\t\t<div class=\"elementor-widget-container\">\n\t\t\t\t\t\t\t\t\t<div class=\"elementor-button-wrapper\">\n\t\t\t\t\t<a class=\"elementor-button elementor-button-link elementor-size-sm\" href=\"mailto:info@hairbackclinic.es\">\n\t\t\t\t\t\t<span class=\"elementor-button-content-wrapper\">\n\t\t\t\t\t\t\t\t\t<span class=\"elementor-button-text\">Contactar el docteur<\/span>\n\t\t\t\t\t<\/span>\n\t\t\t\t\t<\/a>\n\t\t\t\t<\/div>\n\t\t\t\t\t\t\t\t<\/div>\n\t\t\t\t<\/div>\n\t\t\t\t\t<\/div>\n\t\t<\/div>\n\t\t\t\t\t<\/div>\n\t\t<\/section>\n\t\t\t\t<\/div>","protected":false},"excerpt":{"rendered":"<p>Dr Baykal Oymak Une nouvelle vision de la m\u00e9decine le patient au centre de toutes les pr\u00e9occupations. Sa vision de la m\u00e9decine Le Dr Baykal Oymak a une vision de la m\u00e9decine qui place le patient au centre de toutes les pr\u00e9occupations. Pour lui, la m\u00e9decine est un domaine o\u00f9 la compassion, l&#8217;empathie et la &#8230; <a href=\"https:\/\/dr-baykal-oymak.com\/es\/sa-vision-de-la-medecine\/\" class=\"more-link text-uppercase small\"><strong>Read More<\/strong> <i class=\"fa fa-angle-double-right\" aria-hidden=\"true\"><\/i><\/a><\/p>","protected":false},"author":1,"featured_media":0,"parent":0,"menu_order":0,"comment_status":"closed","ping_status":"closed","template":"elementor_header_footer","meta":{"footnotes":""},"class_list":["post-273","page","type-page","status-publish","hentry"],"_links":{"self":[{"href":"https:\/\/dr-baykal-oymak.com\/es\/wp-json\/wp\/v2\/pages\/273","targetHints":{"allow":["GET"]}}],"collection":[{"href":"https:\/\/dr-baykal-oymak.com\/es\/wp-json\/wp\/v2\/pages"}],"about":[{"href":"https:\/\/dr-baykal-oymak.com\/es\/wp-json\/wp\/v2\/types\/page"}],"author":[{"embeddable":true,"href":"https:\/\/dr-baykal-oymak.com\/es\/wp-json\/wp\/v2\/users\/1"}],"replies":[{"embeddable":true,"href":"https:\/\/dr-baykal-oymak.com\/es\/wp-json\/wp\/v2\/comments?post=273"}],"version-history":[{"count":11,"href":"https:\/\/dr-baykal-oymak.com\/es\/wp-json\/wp\/v2\/pages\/273\/revisions"}],"predecessor-version":[{"id":303,"href":"https:\/\/dr-baykal-oymak.com\/es\/wp-json\/wp\/v2\/pages\/273\/revisions\/303"}],"wp:attachment":[{"href":"https:\/\/dr-baykal-oymak.com\/es\/wp-json\/wp\/v2\/media?parent=273"}],"curies":[{"name":"wp","href":"https:\/\/api.w.org\/{rel}","templated":true}]}}