{"id":287,"date":"2023-03-21T09:47:23","date_gmt":"2023-03-21T09:47:23","guid":{"rendered":"https:\/\/dr-baykal-oymak.com\/?page_id=287"},"modified":"2023-03-22T07:45:26","modified_gmt":"2023-03-22T07:45:26","slug":"formations-et-diplomes","status":"publish","type":"page","link":"https:\/\/dr-baykal-oymak.com\/es\/formations-et-diplomes\/","title":{"rendered":"Formaci\u00f3n y diplomas"},"content":{"rendered":"<div data-elementor-type=\"wp-page\" data-elementor-id=\"287\" class=\"elementor elementor-287\">\n\t\t\t\t\t\t<section class=\"elementor-section elementor-top-section elementor-element elementor-element-a70eb11 elementor-section-boxed elementor-section-height-default elementor-section-height-default\" data-id=\"a70eb11\" data-element_type=\"section\" data-e-type=\"section\" data-settings=\"{&quot;background_background&quot;:&quot;classic&quot;}\">\n\t\t\t\t\t\t\t<div class=\"elementor-background-overlay\"><\/div>\n\t\t\t\t\t\t\t<div class=\"elementor-container elementor-column-gap-default\">\n\t\t\t\t\t<div class=\"elementor-column elementor-col-50 elementor-top-column elementor-element elementor-element-7ae9854\" data-id=\"7ae9854\" data-element_type=\"column\" data-e-type=\"column\">\n\t\t\t<div class=\"elementor-widget-wrap elementor-element-populated\">\n\t\t\t\t\t\t<div class=\"elementor-element elementor-element-c82bf22 elementor-widget elementor-widget-heading\" data-id=\"c82bf22\" data-element_type=\"widget\" data-e-type=\"widget\" data-widget_type=\"heading.default\">\n\t\t\t\t<div class=\"elementor-widget-container\">\n\t\t\t\t\t<h1 class=\"elementor-heading-title elementor-size-default\">Dr Baykal Oymak<\/h1>\t\t\t\t<\/div>\n\t\t\t\t<\/div>\n\t\t\t\t<div class=\"elementor-element elementor-element-a0c08a2 elementor-widget elementor-widget-heading\" data-id=\"a0c08a2\" data-element_type=\"widget\" data-e-type=\"widget\" data-widget_type=\"heading.default\">\n\t\t\t\t<div class=\"elementor-widget-container\">\n\t\t\t\t\t<h2 class=\"elementor-heading-title elementor-size-default\">Formaciones y Diplomas del Dr. Baykal Oymak<\/h2>\t\t\t\t<\/div>\n\t\t\t\t<\/div>\n\t\t\t\t\t<\/div>\n\t\t<\/div>\n\t\t\t\t<div class=\"elementor-column elementor-col-50 elementor-top-column elementor-element elementor-element-e182c51\" data-id=\"e182c51\" data-element_type=\"column\" data-e-type=\"column\">\n\t\t\t<div class=\"elementor-widget-wrap\">\n\t\t\t\t\t\t\t<\/div>\n\t\t<\/div>\n\t\t\t\t\t<\/div>\n\t\t<\/section>\n\t\t\t\t<section class=\"elementor-section elementor-top-section elementor-element elementor-element-26d893f elementor-section-boxed elementor-section-height-default elementor-section-height-default\" data-id=\"26d893f\" data-element_type=\"section\" data-e-type=\"section\" data-settings=\"{&quot;background_background&quot;:&quot;classic&quot;}\">\n\t\t\t\t\t\t<div class=\"elementor-container elementor-column-gap-default\">\n\t\t\t\t\t<div class=\"elementor-column elementor-col-50 elementor-top-column elementor-element elementor-element-76eafbc\" data-id=\"76eafbc\" data-element_type=\"column\" data-e-type=\"column\">\n\t\t\t<div class=\"elementor-widget-wrap elementor-element-populated\">\n\t\t\t\t\t\t<div class=\"elementor-element elementor-element-d5a0aa8 elementor-view-default elementor-widget elementor-widget-icon\" data-id=\"d5a0aa8\" data-element_type=\"widget\" data-e-type=\"widget\" data-widget_type=\"icon.default\">\n\t\t\t\t<div class=\"elementor-widget-container\">\n\t\t\t\t\t\t\t<div class=\"elementor-icon-wrapper\">\n\t\t\t<div class=\"elementor-icon\">\n\t\t\t<i aria-hidden=\"true\" class=\"fas fa-user-graduate\"><\/i>\t\t\t<\/div>\n\t\t<\/div>\n\t\t\t\t\t\t<\/div>\n\t\t\t\t<\/div>\n\t\t\t\t<div class=\"elementor-element elementor-element-49d5f2a elementor-widget elementor-widget-heading\" data-id=\"49d5f2a\" data-element_type=\"widget\" data-e-type=\"widget\" data-widget_type=\"heading.default\">\n\t\t\t\t<div class=\"elementor-widget-container\">\n\t\t\t\t\t<h2 class=\"elementor-heading-title elementor-size-default\">Formaci\u00f3n:<\/h2>\t\t\t\t<\/div>\n\t\t\t\t<\/div>\n\t\t\t\t<div class=\"elementor-element elementor-element-91c5e91 elementor-widget elementor-widget-text-editor\" data-id=\"91c5e91\" data-element_type=\"widget\" data-e-type=\"widget\" data-widget_type=\"text-editor.default\">\n\t\t\t\t<div class=\"elementor-widget-container\">\n\t\t\t\t\t\t\t\t\t<ul><li style=\"text-align: center;\">Dipl\u00f4me de m\u00e9decine de l&rsquo;Universit\u00e9 de <a href=\"https:\/\/www.marmara.edu.tr\/en\" target=\"_blank\" rel=\"noopener\">M\u00e1rmara, Facultad de Medicina<\/a> (2006-2012)<\/li><li style=\"text-align: center;\">Certificat de sp\u00e9cialit\u00e9 en chirurgie plastique, reconstructive et esth\u00e9tique de l&rsquo;Universit\u00e9 de Marmara (2012-2018)<\/li><li style=\"text-align: center;\">Dipl\u00f4me de greffe de cheveux et de traitement de la calvitie de l&rsquo;Universit\u00e9 de Istanbul (2016-2018)<\/li><li style=\"text-align: center;\">Dipl\u00f4me en rhinoplastie et chirurgie faciale de l&rsquo;Universit\u00e9 de Stanford (2019)<\/li><\/ul>\t\t\t\t\t\t\t\t<\/div>\n\t\t\t\t<\/div>\n\t\t\t\t\t<\/div>\n\t\t<\/div>\n\t\t\t\t<div class=\"elementor-column elementor-col-50 elementor-top-column elementor-element elementor-element-bc28dc5\" data-id=\"bc28dc5\" data-element_type=\"column\" data-e-type=\"column\">\n\t\t\t<div class=\"elementor-widget-wrap elementor-element-populated\">\n\t\t\t\t\t\t<div class=\"elementor-element elementor-element-b70bfed elementor-view-default elementor-widget elementor-widget-icon\" data-id=\"b70bfed\" data-element_type=\"widget\" data-e-type=\"widget\" data-widget_type=\"icon.default\">\n\t\t\t\t<div class=\"elementor-widget-container\">\n\t\t\t\t\t\t\t<div class=\"elementor-icon-wrapper\">\n\t\t\t<div class=\"elementor-icon\">\n\t\t\t<i aria-hidden=\"true\" class=\"fas fa-globe-africa\"><\/i>\t\t\t<\/div>\n\t\t<\/div>\n\t\t\t\t\t\t<\/div>\n\t\t\t\t<\/div>\n\t\t\t\t<div class=\"elementor-element elementor-element-c8b03bc elementor-widget elementor-widget-heading\" data-id=\"c8b03bc\" data-element_type=\"widget\" data-e-type=\"widget\" data-widget_type=\"heading.default\">\n\t\t\t\t<div class=\"elementor-widget-container\">\n\t\t\t\t\t<h2 class=\"elementor-heading-title elementor-size-default\">Experiencia profesional:<\/h2>\t\t\t\t<\/div>\n\t\t\t\t<\/div>\n\t\t\t\t<div class=\"elementor-element elementor-element-7b7f19b elementor-widget elementor-widget-text-editor\" data-id=\"7b7f19b\" data-element_type=\"widget\" data-e-type=\"widget\" data-widget_type=\"text-editor.default\">\n\t\t\t\t<div class=\"elementor-widget-container\">\n\t\t\t\t\t\t\t\t\t<ul><li style=\"text-align: center;\">Residente de Cirug\u00eda Pl\u00e1stica, Reconstructiva y Est\u00e9tica, Universidad de Marmara (2012-2018)<\/li><li style=\"text-align: center;\">Especialista en trasplante capilar \u2013 Rhoun \u2013 2016 \u2013 2020<\/li><li style=\"text-align: center;\">Cirujano est\u00e9tico, cl\u00ednica privada (2018)<\/li><li style=\"text-align: center;\">Profesor cl\u00ednico, Universidad de Marmara (2018)<\/li><li style=\"text-align: center;\">Cirujano de Trasplante Capilar de HairBack Clinic \u2013 (2020 \u2013 presente)<\/li><\/ul>\t\t\t\t\t\t\t\t<\/div>\n\t\t\t\t<\/div>\n\t\t\t\t\t<\/div>\n\t\t<\/div>\n\t\t\t\t\t<\/div>\n\t\t<\/section>\n\t\t\t\t<section class=\"elementor-section elementor-top-section elementor-element elementor-element-37d4df7 elementor-section-boxed elementor-section-height-default elementor-section-height-default\" data-id=\"37d4df7\" data-element_type=\"section\" data-e-type=\"section\" data-settings=\"{&quot;background_background&quot;:&quot;classic&quot;}\">\n\t\t\t\t\t\t<div class=\"elementor-container elementor-column-gap-default\">\n\t\t\t\t\t<div class=\"elementor-column elementor-col-50 elementor-top-column elementor-element elementor-element-9308df7\" data-id=\"9308df7\" data-element_type=\"column\" data-e-type=\"column\">\n\t\t\t<div class=\"elementor-widget-wrap elementor-element-populated\">\n\t\t\t\t\t\t<div class=\"elementor-element elementor-element-0b8c991 elementor-view-default elementor-widget elementor-widget-icon\" data-id=\"0b8c991\" data-element_type=\"widget\" data-e-type=\"widget\" data-widget_type=\"icon.default\">\n\t\t\t\t<div class=\"elementor-widget-container\">\n\t\t\t\t\t\t\t<div class=\"elementor-icon-wrapper\">\n\t\t\t<div class=\"elementor-icon\">\n\t\t\t<i aria-hidden=\"true\" class=\"fas fa-tasks\"><\/i>\t\t\t<\/div>\n\t\t<\/div>\n\t\t\t\t\t\t<\/div>\n\t\t\t\t<\/div>\n\t\t\t\t<div class=\"elementor-element elementor-element-2abfbf1 elementor-widget elementor-widget-heading\" data-id=\"2abfbf1\" data-element_type=\"widget\" data-e-type=\"widget\" data-widget_type=\"heading.default\">\n\t\t\t\t<div class=\"elementor-widget-container\">\n\t\t\t\t\t<h2 class=\"elementor-heading-title elementor-size-default\">\u00c1reas de especializaci\u00f3n<\/h2>\t\t\t\t<\/div>\n\t\t\t\t<\/div>\n\t\t\t\t<div class=\"elementor-element elementor-element-ccc250e elementor-widget elementor-widget-text-editor\" data-id=\"ccc250e\" data-element_type=\"widget\" data-e-type=\"widget\" data-widget_type=\"text-editor.default\">\n\t\t\t\t<div class=\"elementor-widget-container\">\n\t\t\t\t\t\t\t\t\t<ul><li style=\"text-align: center;\">Trasplante de cabello y tratamiento de calvicie<\/li><li style=\"text-align: center;\">Rinoplastia<\/li><li style=\"text-align: center;\">Cirugia facial<\/li><li style=\"text-align: center;\">Cirug\u00eda pl\u00e1stica, reparadora y est\u00e9tica<\/li><\/ul>\t\t\t\t\t\t\t\t<\/div>\n\t\t\t\t<\/div>\n\t\t\t\t<div class=\"elementor-element elementor-element-13c0e85 elementor-view-default elementor-widget elementor-widget-icon\" data-id=\"13c0e85\" data-element_type=\"widget\" data-e-type=\"widget\" data-widget_type=\"icon.default\">\n\t\t\t\t<div class=\"elementor-widget-container\">\n\t\t\t\t\t\t\t<div class=\"elementor-icon-wrapper\">\n\t\t\t<div class=\"elementor-icon\">\n\t\t\t<i aria-hidden=\"true\" class=\"fas fa-certificate\"><\/i>\t\t\t<\/div>\n\t\t<\/div>\n\t\t\t\t\t\t<\/div>\n\t\t\t\t<\/div>\n\t\t\t\t<div class=\"elementor-element elementor-element-1c84649 elementor-widget elementor-widget-heading\" data-id=\"1c84649\" data-element_type=\"widget\" data-e-type=\"widget\" data-widget_type=\"heading.default\">\n\t\t\t\t<div class=\"elementor-widget-container\">\n\t\t\t\t\t<h2 class=\"elementor-heading-title elementor-size-default\">Certificaciones y Membres\u00edas:<\/h2>\t\t\t\t<\/div>\n\t\t\t\t<\/div>\n\t\t\t\t<div class=\"elementor-element elementor-element-fce0330 elementor-widget elementor-widget-text-editor\" data-id=\"fce0330\" data-element_type=\"widget\" data-e-type=\"widget\" data-widget_type=\"text-editor.default\">\n\t\t\t\t<div class=\"elementor-widget-container\">\n\t\t\t\t\t\t\t\t\t<ul><li style=\"text-align: center;\">Consejo M\u00e9dico Turco<\/li><li style=\"text-align: center;\">Sociedad Turca de Cirug\u00eda Pl\u00e1stica, Reparadora y Est\u00e9tica<\/li><li style=\"text-align: center;\"><strong>EBOPRAS:<\/strong> Asociaci\u00f3n Europea de Cirug\u00eda Pl\u00e1stica, Reparadora y Est\u00e9tica<\/li><\/ul>\t\t\t\t\t\t\t\t<\/div>\n\t\t\t\t<\/div>\n\t\t\t\t<section class=\"elementor-section elementor-inner-section elementor-element elementor-element-caec2d4 elementor-section-boxed elementor-section-height-default elementor-section-height-default\" data-id=\"caec2d4\" data-element_type=\"section\" data-e-type=\"section\">\n\t\t\t\t\t\t<div class=\"elementor-container elementor-column-gap-default\">\n\t\t\t\t\t<div class=\"elementor-column elementor-col-33 elementor-inner-column elementor-element elementor-element-591a6ce\" data-id=\"591a6ce\" data-element_type=\"column\" data-e-type=\"column\">\n\t\t\t<div class=\"elementor-widget-wrap elementor-element-populated\">\n\t\t\t\t\t\t<div class=\"elementor-element elementor-element-60a7d32 elementor-widget elementor-widget-image\" data-id=\"60a7d32\" data-element_type=\"widget\" data-e-type=\"widget\" data-widget_type=\"image.default\">\n\t\t\t\t<div class=\"elementor-widget-container\">\n\t\t\t\t\t\t\t\t\t\t\t\t\t\t\t<img fetchpriority=\"high\" decoding=\"async\" width=\"236\" height=\"236\" src=\"https:\/\/dr-baykal-oymak.com\/wp-content\/uploads\/2023\/03\/Associationn-europeene-chirurgie-esthetique.jpg\" class=\"attachment-large size-large wp-image-288 img-fluid\" alt=\"\" srcset=\"https:\/\/dr-baykal-oymak.com\/wp-content\/uploads\/2023\/03\/Associationn-europeene-chirurgie-esthetique.jpg 236w, https:\/\/dr-baykal-oymak.com\/wp-content\/uploads\/2023\/03\/Associationn-europeene-chirurgie-esthetique-150x150.jpg 150w, https:\/\/dr-baykal-oymak.com\/wp-content\/uploads\/2023\/03\/Associationn-europeene-chirurgie-esthetique-12x12.jpg 12w\" sizes=\"(max-width: 236px) 100vw, 236px\" \/>\t\t\t\t\t\t\t\t\t\t\t\t\t\t\t<\/div>\n\t\t\t\t<\/div>\n\t\t\t\t\t<\/div>\n\t\t<\/div>\n\t\t\t\t<div class=\"elementor-column elementor-col-33 elementor-inner-column elementor-element elementor-element-375fb54\" data-id=\"375fb54\" data-element_type=\"column\" data-e-type=\"column\">\n\t\t\t<div class=\"elementor-widget-wrap elementor-element-populated\">\n\t\t\t\t\t\t<div class=\"elementor-element elementor-element-8deb645 elementor-widget elementor-widget-image\" data-id=\"8deb645\" data-element_type=\"widget\" data-e-type=\"widget\" data-widget_type=\"image.default\">\n\t\t\t\t<div class=\"elementor-widget-container\">\n\t\t\t\t\t\t\t\t\t\t\t\t\t\t\t<img decoding=\"async\" width=\"500\" height=\"503\" src=\"https:\/\/dr-baykal-oymak.com\/wp-content\/uploads\/2023\/03\/Turk_Tabipleri_Birligi-logo.jpg\" class=\"attachment-large size-large wp-image-289 img-fluid\" alt=\"Conseil m\u00e9dical Turc\" srcset=\"https:\/\/dr-baykal-oymak.com\/wp-content\/uploads\/2023\/03\/Turk_Tabipleri_Birligi-logo.jpg 500w, https:\/\/dr-baykal-oymak.com\/wp-content\/uploads\/2023\/03\/Turk_Tabipleri_Birligi-logo-298x300.jpg 298w, https:\/\/dr-baykal-oymak.com\/wp-content\/uploads\/2023\/03\/Turk_Tabipleri_Birligi-logo-150x150.jpg 150w, https:\/\/dr-baykal-oymak.com\/wp-content\/uploads\/2023\/03\/Turk_Tabipleri_Birligi-logo-12x12.jpg 12w\" sizes=\"(max-width: 500px) 100vw, 500px\" \/>\t\t\t\t\t\t\t\t\t\t\t\t\t\t\t<\/div>\n\t\t\t\t<\/div>\n\t\t\t\t\t<\/div>\n\t\t<\/div>\n\t\t\t\t<div class=\"elementor-column elementor-col-33 elementor-inner-column elementor-element elementor-element-cb58ad0\" data-id=\"cb58ad0\" data-element_type=\"column\" data-e-type=\"column\">\n\t\t\t<div class=\"elementor-widget-wrap elementor-element-populated\">\n\t\t\t\t\t\t<div class=\"elementor-element elementor-element-c70fee9 elementor-widget elementor-widget-image\" data-id=\"c70fee9\" data-element_type=\"widget\" data-e-type=\"widget\" data-widget_type=\"image.default\">\n\t\t\t\t<div class=\"elementor-widget-container\">\n\t\t\t\t\t\t\t\t\t\t\t\t\t\t\t<img decoding=\"async\" width=\"1024\" height=\"536\" src=\"https:\/\/dr-baykal-oymak.com\/wp-content\/uploads\/2023\/03\/ISAPS_Logo-1024x536.jpg\" class=\"attachment-large size-large wp-image-290 img-fluid\" alt=\"\" srcset=\"https:\/\/dr-baykal-oymak.com\/wp-content\/uploads\/2023\/03\/ISAPS_Logo-1024x536.jpg 1024w, https:\/\/dr-baykal-oymak.com\/wp-content\/uploads\/2023\/03\/ISAPS_Logo-300x157.jpg 300w, https:\/\/dr-baykal-oymak.com\/wp-content\/uploads\/2023\/03\/ISAPS_Logo-768x402.jpg 768w, https:\/\/dr-baykal-oymak.com\/wp-content\/uploads\/2023\/03\/ISAPS_Logo-18x9.jpg 18w, https:\/\/dr-baykal-oymak.com\/wp-content\/uploads\/2023\/03\/ISAPS_Logo.jpg 1050w\" sizes=\"(max-width: 1024px) 100vw, 1024px\" \/>\t\t\t\t\t\t\t\t\t\t\t\t\t\t\t<\/div>\n\t\t\t\t<\/div>\n\t\t\t\t\t<\/div>\n\t\t<\/div>\n\t\t\t\t\t<\/div>\n\t\t<\/section>\n\t\t\t\t\t<\/div>\n\t\t<\/div>\n\t\t\t\t<div class=\"elementor-column elementor-col-50 elementor-top-column elementor-element elementor-element-6a09691\" data-id=\"6a09691\" data-element_type=\"column\" data-e-type=\"column\">\n\t\t\t<div class=\"elementor-widget-wrap elementor-element-populated\">\n\t\t\t\t\t\t<div class=\"elementor-element elementor-element-5a3b6ce elementor-view-default elementor-widget elementor-widget-icon\" data-id=\"5a3b6ce\" data-element_type=\"widget\" data-e-type=\"widget\" data-widget_type=\"icon.default\">\n\t\t\t\t<div class=\"elementor-widget-container\">\n\t\t\t\t\t\t\t<div class=\"elementor-icon-wrapper\">\n\t\t\t<div class=\"elementor-icon\">\n\t\t\t<i aria-hidden=\"true\" class=\"fas fa-book-open\"><\/i>\t\t\t<\/div>\n\t\t<\/div>\n\t\t\t\t\t\t<\/div>\n\t\t\t\t<\/div>\n\t\t\t\t<div class=\"elementor-element elementor-element-0a52fd5 elementor-widget elementor-widget-heading\" data-id=\"0a52fd5\" data-element_type=\"widget\" data-e-type=\"widget\" data-widget_type=\"heading.default\">\n\t\t\t\t<div class=\"elementor-widget-container\">\n\t\t\t\t\t<h2 class=\"elementor-heading-title elementor-size-default\">Publicaciones y presentaciones:<\/h2>\t\t\t\t<\/div>\n\t\t\t\t<\/div>\n\t\t\t\t<div class=\"elementor-element elementor-element-f7ebd3b elementor-widget elementor-widget-text-editor\" data-id=\"f7ebd3b\" data-element_type=\"widget\" data-e-type=\"widget\" data-widget_type=\"text-editor.default\">\n\t\t\t\t<div class=\"elementor-widget-container\">\n\t\t\t\t\t\t\t\t\t<ul><li style=\"text-align: center;\">\u00ab\u00a0Le r\u00f4le de la greffe de cheveux dans le traitement de la calvitie chez les femmes\u00a0\u00bb &#8211; Pr\u00e9sentation \u00e0 la conf\u00e9rence annuelle de la Soci\u00e9t\u00e9 turque de chirurgie plastique, reconstructive et esth\u00e9tique (2019)<\/li><li style=\"text-align: center;\">\u00ab\u00a0Rhinoplastie pour les patients asiatiques : techniques et consid\u00e9rations sp\u00e9ciales\u00a0\u00bb &#8211; Article publi\u00e9 dans le Journal de la chirurgie plastique, reconstructive et esth\u00e9tique de la Turquie (2018)<\/li><li style=\"text-align: center;\">\u00ab\u00a0Approche personnalis\u00e9e de la greffe de cheveux chez les patients atteints de calvitie avanc\u00e9e\u00a0\u00bb &#8211; Article publi\u00e9 dans la revue internationale de la greffe de cheveux et de la restauration capillaire (2017)<\/li><\/ul>\t\t\t\t\t\t\t\t<\/div>\n\t\t\t\t<\/div>\n\t\t\t\t\t<\/div>\n\t\t<\/div>\n\t\t\t\t\t<\/div>\n\t\t<\/section>\n\t\t\t\t<\/div>","protected":false},"excerpt":{"rendered":"<p>Dr Baykal Oymak Formations et Dipl\u00f4mes du Dr Baykal Oymak Formation: Dipl\u00f4me de m\u00e9decine de l&rsquo;Universit\u00e9 de Marmara, Facult\u00e9 de m\u00e9decine (2006-2012) Certificat de sp\u00e9cialit\u00e9 en chirurgie plastique, reconstructive et esth\u00e9tique de l&rsquo;Universit\u00e9 de Marmara (2012-2018) Dipl\u00f4me de greffe de cheveux et de traitement de la calvitie de l&rsquo;Universit\u00e9 de Istanbul (2016-2018) Dipl\u00f4me en rhinoplastie &#8230; <a href=\"https:\/\/dr-baykal-oymak.com\/es\/formations-et-diplomes\/\" class=\"more-link text-uppercase small\"><strong>Read More<\/strong> <i class=\"fa fa-angle-double-right\" aria-hidden=\"true\"><\/i><\/a><\/p>","protected":false},"author":1,"featured_media":0,"parent":0,"menu_order":0,"comment_status":"closed","ping_status":"closed","template":"elementor_header_footer","meta":{"footnotes":""},"class_list":["post-287","page","type-page","status-publish","hentry"],"_links":{"self":[{"href":"https:\/\/dr-baykal-oymak.com\/es\/wp-json\/wp\/v2\/pages\/287","targetHints":{"allow":["GET"]}}],"collection":[{"href":"https:\/\/dr-baykal-oymak.com\/es\/wp-json\/wp\/v2\/pages"}],"about":[{"href":"https:\/\/dr-baykal-oymak.com\/es\/wp-json\/wp\/v2\/types\/page"}],"author":[{"embeddable":true,"href":"https:\/\/dr-baykal-oymak.com\/es\/wp-json\/wp\/v2\/users\/1"}],"replies":[{"embeddable":true,"href":"https:\/\/dr-baykal-oymak.com\/es\/wp-json\/wp\/v2\/comments?post=287"}],"version-history":[{"count":11,"href":"https:\/\/dr-baykal-oymak.com\/es\/wp-json\/wp\/v2\/pages\/287\/revisions"}],"predecessor-version":[{"id":346,"href":"https:\/\/dr-baykal-oymak.com\/es\/wp-json\/wp\/v2\/pages\/287\/revisions\/346"}],"wp:attachment":[{"href":"https:\/\/dr-baykal-oymak.com\/es\/wp-json\/wp\/v2\/media?parent=287"}],"curies":[{"name":"wp","href":"https:\/\/api.w.org\/{rel}","templated":true}]}}